{"id":57,"date":"2021-04-29T16:11:10","date_gmt":"2021-04-29T14:11:10","guid":{"rendered":"https:\/\/leognan.fr\/budgetparticipatif\/?page_id=57"},"modified":"2024-04-24T10:14:07","modified_gmt":"2024-04-24T08:14:07","slug":"accueil","status":"publish","type":"page","link":"https:\/\/leognan.fr\/budgetparticipatif\/","title":{"rendered":"Accueil"},"content":{"rendered":"\t\t<div data-elementor-type=\"wp-page\" data-elementor-id=\"57\" class=\"elementor elementor-57\" data-elementor-post-type=\"page\">\n\t\t\t\t\t\t<section class=\"elementor-section elementor-top-section elementor-element elementor-element-2d846dd elementor-section-full_width elementor-section-height-default elementor-section-height-default\" data-id=\"2d846dd\" data-element_type=\"section\">\n\t\t\t\t\t\t<div class=\"elementor-container elementor-column-gap-default\">\n\t\t\t\t\t<div class=\"elementor-column elementor-col-100 elementor-top-column elementor-element elementor-element-fd81eb8\" data-id=\"fd81eb8\" data-element_type=\"column\">\n\t\t\t<div class=\"elementor-widget-wrap elementor-element-populated\">\n\t\t\t\t\t\t<div class=\"elementor-element elementor-element-0c22ddb elementor--h-position-center elementor--v-position-middle elementor-arrows-position-inside elementor-pagination-position-inside elementor-widget elementor-widget-slides\" data-id=\"0c22ddb\" data-element_type=\"widget\" data-settings=\"{&quot;navigation&quot;:&quot;both&quot;,&quot;autoplay&quot;:&quot;yes&quot;,&quot;pause_on_hover&quot;:&quot;yes&quot;,&quot;pause_on_interaction&quot;:&quot;yes&quot;,&quot;autoplay_speed&quot;:5000,&quot;infinite&quot;:&quot;yes&quot;,&quot;transition&quot;:&quot;slide&quot;,&quot;transition_speed&quot;:500}\" data-widget_type=\"slides.default\">\n\t\t\t\t<div class=\"elementor-widget-container\">\n\t\t\t\t\t<div class=\"elementor-swiper\">\n\t\t\t<div class=\"elementor-slides-wrapper elementor-main-swiper swiper\" dir=\"ltr\" data-animation=\"fadeInUp\">\n\t\t\t\t<div class=\"swiper-wrapper elementor-slides\">\n\t\t\t\t\t\t\t\t\t\t<div class=\"elementor-repeater-item-80f13ce swiper-slide\"><div class=\"swiper-slide-bg\" role=\"img\"><\/div><div class=\"swiper-slide-inner\" ><div class=\"swiper-slide-contents\"><div class=\"elementor-slide-heading\">Budget Participatif<\/div><div class=\"elementor-slide-description\">Construire notre ville ensemble<\/div><\/div><\/div><\/div>\t\t\t\t<\/div>\n\t\t\t\t\t\t\t<\/div>\n\t\t<\/div>\n\t\t\t\t<\/div>\n\t\t\t\t<\/div>\n\t\t\t\t\t<\/div>\n\t\t<\/div>\n\t\t\t\t\t<\/div>\n\t\t<\/section>\n\t\t\t\t<section class=\"elementor-section elementor-top-section elementor-element elementor-element-d84ad00 elementor-section-boxed elementor-section-height-default elementor-section-height-default\" data-id=\"d84ad00\" data-element_type=\"section\">\n\t\t\t\t\t\t<div class=\"elementor-container elementor-column-gap-default\">\n\t\t\t\t\t<div class=\"elementor-column elementor-col-100 elementor-top-column elementor-element elementor-element-c458a30\" data-id=\"c458a30\" data-element_type=\"column\">\n\t\t\t<div class=\"elementor-widget-wrap elementor-element-populated\">\n\t\t\t\t\t\t<div class=\"elementor-element elementor-element-d8ca083 elementor-widget elementor-widget-spacer\" data-id=\"d8ca083\" data-element_type=\"widget\" data-widget_type=\"spacer.default\">\n\t\t\t\t<div class=\"elementor-widget-container\">\n\t\t\t\t\t<div class=\"elementor-spacer\">\n\t\t\t<div class=\"elementor-spacer-inner\"><\/div>\n\t\t<\/div>\n\t\t\t\t<\/div>\n\t\t\t\t<\/div>\n\t\t\t\t\t<\/div>\n\t\t<\/div>\n\t\t\t\t\t<\/div>\n\t\t<\/section>\n\t\t\t\t<section class=\"elementor-section elementor-top-section elementor-element elementor-element-47f76de elementor-section-boxed elementor-section-height-default elementor-section-height-default\" data-id=\"47f76de\" data-element_type=\"section\">\n\t\t\t\t\t\t<div class=\"elementor-container elementor-column-gap-default\">\n\t\t\t\t\t<div class=\"elementor-column elementor-col-50 elementor-top-column elementor-element elementor-element-e2ba2a4\" data-id=\"e2ba2a4\" data-element_type=\"column\" data-settings=\"{&quot;background_background&quot;:&quot;classic&quot;}\">\n\t\t\t<div class=\"elementor-widget-wrap elementor-element-populated\">\n\t\t\t\t\t\t<div class=\"elementor-element elementor-element-8b5fe47 elementor-view-default elementor-widget elementor-widget-icon\" data-id=\"8b5fe47\" data-element_type=\"widget\" data-widget_type=\"icon.default\">\n\t\t\t\t<div class=\"elementor-widget-container\">\n\t\t\t\t\t<div class=\"elementor-icon-wrapper\">\n\t\t\t<div class=\"elementor-icon\">\n\t\t\t<i aria-hidden=\"true\" class=\"fas fa-info-circle\"><\/i>\t\t\t<\/div>\n\t\t<\/div>\n\t\t\t\t<\/div>\n\t\t\t\t<\/div>\n\t\t\t\t\t<\/div>\n\t\t<\/div>\n\t\t\t\t<div class=\"elementor-column elementor-col-50 elementor-top-column elementor-element elementor-element-b1293cf\" data-id=\"b1293cf\" data-element_type=\"column\" data-settings=\"{&quot;background_background&quot;:&quot;classic&quot;}\">\n\t\t\t<div class=\"elementor-widget-wrap elementor-element-populated\">\n\t\t\t\t\t\t<section class=\"elementor-section elementor-inner-section elementor-element elementor-element-15dbfd0 elementor-section-full_width elementor-section-height-default elementor-section-height-default\" data-id=\"15dbfd0\" data-element_type=\"section\">\n\t\t\t\t\t\t<div class=\"elementor-container elementor-column-gap-default\">\n\t\t\t\t\t<div class=\"elementor-column elementor-col-50 elementor-inner-column elementor-element elementor-element-e3ed7b4\" data-id=\"e3ed7b4\" data-element_type=\"column\">\n\t\t\t<div class=\"elementor-widget-wrap elementor-element-populated\">\n\t\t\t\t\t\t<div class=\"elementor-element elementor-element-f551e0f elementor-widget elementor-widget-heading\" data-id=\"f551e0f\" data-element_type=\"widget\" data-widget_type=\"heading.default\">\n\t\t\t\t<div class=\"elementor-widget-container\">\n\t\t\t<h2 class=\"elementor-heading-title elementor-size-default\">Le budget participatif de L\u00e9ognan<\/h2>\t\t<\/div>\n\t\t\t\t<\/div>\n\t\t\t\t<div class=\"elementor-element elementor-element-841affa elementor-widget elementor-widget-text-editor\" data-id=\"841affa\" data-element_type=\"widget\" data-widget_type=\"text-editor.default\">\n\t\t\t\t<div class=\"elementor-widget-container\">\n\t\t\t\t\t\t\t<p>Le Budget participatif permet de vous solliciter concr\u00e8tement. Vous avez une id\u00e9e, un projet qui vous tient \u00e0 c\u0153ur\u00a0? Lancez-vous\u00a0! Apr\u00e8s validation il sera soumis aux votes des L\u00e9ognanaises et des L\u00e9ognanais par le biais de cette plateforme. Une fois les projets laur\u00e9ats choisis, vous pourrez suivre toutes les \u00e9tapes de la r\u00e9alisation des id\u00e9es retenues.<\/p><p>La seconde \u00e9dition du budget participatif est lanc\u00e9e !<\/p><p>A partir du 1 mai 2024 et jusqu&rsquo;au 31 juillet les leognanaises et leognanais pourront proposer leurs projets qui seront par la suite soumis au vote citoyen.<\/p><p>Un budget de 50.000\u20ac sera affect\u00e9 \u00e0 cette op\u00e9ration.<\/p><p>N&rsquo;oubliez pas que le montant du projet propos\u00e9 ne devra pas d\u00e9passer les 20.000\u20ac.<\/p>\t\t\t\t\t\t<\/div>\n\t\t\t\t<\/div>\n\t\t\t\t\t<\/div>\n\t\t<\/div>\n\t\t\t\t<div class=\"elementor-column elementor-col-50 elementor-inner-column elementor-element elementor-element-5231e9d\" data-id=\"5231e9d\" data-element_type=\"column\">\n\t\t\t<div class=\"elementor-widget-wrap elementor-element-populated\">\n\t\t\t\t\t\t<div class=\"elementor-element elementor-element-7e70986 elementor-widget elementor-widget-image\" data-id=\"7e70986\" data-element_type=\"widget\" data-widget_type=\"image.default\">\n\t\t\t\t<div class=\"elementor-widget-container\">\n\t\t\t\t\t\t\t\t\t\t\t\t\t<img fetchpriority=\"high\" decoding=\"async\" width=\"800\" height=\"500\" src=\"https:\/\/leognan.fr\/budgetparticipatif\/wp-content\/uploads\/2024\/04\/Budget_2024.jpg\" class=\"attachment-large size-large wp-image-924\" alt=\"\" srcset=\"https:\/\/leognan.fr\/budgetparticipatif\/wp-content\/uploads\/2024\/04\/Budget_2024.jpg 800w, https:\/\/leognan.fr\/budgetparticipatif\/wp-content\/uploads\/2024\/04\/Budget_2024-300x188.jpg 300w, https:\/\/leognan.fr\/budgetparticipatif\/wp-content\/uploads\/2024\/04\/Budget_2024-768x480.jpg 768w\" sizes=\"(max-width: 800px) 100vw, 800px\" \/>\t\t\t\t\t\t\t\t\t\t\t\t\t<\/div>\n\t\t\t\t<\/div>\n\t\t\t\t\t<\/div>\n\t\t<\/div>\n\t\t\t\t\t<\/div>\n\t\t<\/section>\n\t\t\t\t<div class=\"elementor-element elementor-element-cf6945a elementor-widget elementor-widget-spacer\" data-id=\"cf6945a\" data-element_type=\"widget\" data-widget_type=\"spacer.default\">\n\t\t\t\t<div class=\"elementor-widget-container\">\n\t\t\t\t\t<div class=\"elementor-spacer\">\n\t\t\t<div class=\"elementor-spacer-inner\"><\/div>\n\t\t<\/div>\n\t\t\t\t<\/div>\n\t\t\t\t<\/div>\n\t\t\t\t<div class=\"elementor-element elementor-element-cb7517a elementor-widget elementor-widget-heading\" data-id=\"cb7517a\" data-element_type=\"widget\" data-widget_type=\"heading.default\">\n\t\t\t\t<div class=\"elementor-widget-container\">\n\t\t\t<h3 class=\"elementor-heading-title elementor-size-default\">Qui peut proposer une id\u00e9e, un projet ?<\/h3>\t\t<\/div>\n\t\t\t\t<\/div>\n\t\t\t\t<div class=\"elementor-element elementor-element-c7a4d76 elementor-widget elementor-widget-text-editor\" data-id=\"c7a4d76\" data-element_type=\"widget\" data-widget_type=\"text-editor.default\">\n\t\t\t\t<div class=\"elementor-widget-container\">\n\t\t\t\t\t\t\t<p>Toute L\u00e9oganaise et tout L\u00e9ognanais, sans limite d\u2019\u00e2ge. Le budget participatif est \u00e9galement ouvert aux \u00e9coles.<\/p>\t\t\t\t\t\t<\/div>\n\t\t\t\t<\/div>\n\t\t\t\t<div class=\"elementor-element elementor-element-a0db6ee elementor-widget elementor-widget-heading\" data-id=\"a0db6ee\" data-element_type=\"widget\" data-widget_type=\"heading.default\">\n\t\t\t\t<div class=\"elementor-widget-container\">\n\t\t\t<h3 class=\"elementor-heading-title elementor-size-default\">Quel type de projet peut \u00eatre propos\u00e9 ?<\/h3>\t\t<\/div>\n\t\t\t\t<\/div>\n\t\t\t\t<div class=\"elementor-element elementor-element-aa54c5f elementor-widget elementor-widget-text-editor\" data-id=\"aa54c5f\" data-element_type=\"widget\" data-widget_type=\"text-editor.default\">\n\t\t\t\t<div class=\"elementor-widget-container\">\n\t\t\t\t\t\t\t<p>Le projet doit r\u00e9pondre aux crit\u00e8res d\u2019\u00e9ligibilit\u00e9 pr\u00e9cis\u00e9s dans le r\u00e8glement, et notamment relever de l\u2019int\u00e9r\u00eat g\u00e9n\u00e9ral et \u00eatre un projet d\u2019investissement situ\u00e9 sur la commune.<\/p>\t\t\t\t\t\t<\/div>\n\t\t\t\t<\/div>\n\t\t\t\t<div class=\"elementor-element elementor-element-83c216c elementor-widget elementor-widget-text-editor\" data-id=\"83c216c\" data-element_type=\"widget\" data-widget_type=\"text-editor.default\">\n\t\t\t\t<div class=\"elementor-widget-container\">\n\t\t\t\t\t\t\t<h5><strong>Les th\u00e8mes\u00a0:<\/strong><\/h5><ul><li>Citoyennet\u00e9<\/li><li>Solidarit\u00e9<\/li><li>Jeunesse et sport<\/li><li>Mobilit\u00e9<\/li><li>Environnement<\/li><li>M\u00e9moire et patrimoine<\/li><\/ul>\t\t\t\t\t\t<\/div>\n\t\t\t\t<\/div>\n\t\t\t\t<div class=\"elementor-element elementor-element-a0ad0f5 elementor-widget elementor-widget-text-editor\" data-id=\"a0ad0f5\" data-element_type=\"widget\" data-widget_type=\"text-editor.default\">\n\t\t\t\t<div class=\"elementor-widget-container\">\n\t\t\t\t\t\t\t<p><strong>Attention vous ne devez proposer que des d\u00e9penses d\u2019investissements <\/strong><\/p>\t\t\t\t\t\t<\/div>\n\t\t\t\t<\/div>\n\t\t\t\t<div class=\"elementor-element elementor-element-f4f8dd2 elementor-widget elementor-widget-text-editor\" data-id=\"f4f8dd2\" data-element_type=\"widget\" data-widget_type=\"text-editor.default\">\n\t\t\t\t<div class=\"elementor-widget-container\">\n\t\t\t\t\t\t\t<p>Il s\u2019agit principalement de l\u2019achat de biens et de mat\u00e9riels durables, de la construction ou l\u2019am\u00e9nagement de b\u00e2timents, de travaux d\u2019infrastructure\u2026<\/p>\t\t\t\t\t\t<\/div>\n\t\t\t\t<\/div>\n\t\t\t\t<div class=\"elementor-element elementor-element-feda417 elementor-widget elementor-widget-button\" data-id=\"feda417\" data-element_type=\"widget\" data-widget_type=\"button.default\">\n\t\t\t\t<div class=\"elementor-widget-container\">\n\t\t\t\t\t<div class=\"elementor-button-wrapper\">\n\t\t\t<a class=\"elementor-button elementor-button-link elementor-size-xs\" href=\"https:\/\/leognan.fr\/budgetparticipatif\/reglement\/\">\n\t\t\t\t\t\t<span class=\"elementor-button-content-wrapper\">\n\t\t\t\t\t\t<span class=\"elementor-button-icon elementor-align-icon-left\">\n\t\t\t\t<i aria-hidden=\"true\" class=\"far fa-arrow-alt-circle-right\"><\/i>\t\t\t<\/span>\n\t\t\t\t\t\t<span class=\"elementor-button-text\">R\u00e8glement<\/span>\n\t\t<\/span>\n\t\t\t\t\t<\/a>\n\t\t<\/div>\n\t\t\t\t<\/div>\n\t\t\t\t<\/div>\n\t\t\t\t<div class=\"elementor-element elementor-element-fb845c0 elementor-widget elementor-widget-spacer\" data-id=\"fb845c0\" data-element_type=\"widget\" data-widget_type=\"spacer.default\">\n\t\t\t\t<div class=\"elementor-widget-container\">\n\t\t\t\t\t<div class=\"elementor-spacer\">\n\t\t\t<div class=\"elementor-spacer-inner\"><\/div>\n\t\t<\/div>\n\t\t\t\t<\/div>\n\t\t\t\t<\/div>\n\t\t\t\t\t<\/div>\n\t\t<\/div>\n\t\t\t\t\t<\/div>\n\t\t<\/section>\n\t\t\t\t<section class=\"elementor-section elementor-top-section elementor-element elementor-element-3dad6b6 elementor-section-boxed elementor-section-height-default elementor-section-height-default\" data-id=\"3dad6b6\" data-element_type=\"section\">\n\t\t\t\t\t\t<div class=\"elementor-container elementor-column-gap-default\">\n\t\t\t\t\t<div class=\"elementor-column elementor-col-100 elementor-top-column elementor-element elementor-element-2e69cff\" data-id=\"2e69cff\" data-element_type=\"column\">\n\t\t\t<div class=\"elementor-widget-wrap elementor-element-populated\">\n\t\t\t\t\t\t<div class=\"elementor-element elementor-element-98a9311 elementor-widget elementor-widget-spacer\" data-id=\"98a9311\" data-element_type=\"widget\" data-widget_type=\"spacer.default\">\n\t\t\t\t<div class=\"elementor-widget-container\">\n\t\t\t\t\t<div class=\"elementor-spacer\">\n\t\t\t<div class=\"elementor-spacer-inner\"><\/div>\n\t\t<\/div>\n\t\t\t\t<\/div>\n\t\t\t\t<\/div>\n\t\t\t\t\t<\/div>\n\t\t<\/div>\n\t\t\t\t\t<\/div>\n\t\t<\/section>\n\t\t\t\t<section class=\"elementor-section elementor-top-section elementor-element elementor-element-3ad5e3e elementor-section-boxed elementor-section-height-default elementor-section-height-default\" data-id=\"3ad5e3e\" data-element_type=\"section\">\n\t\t\t\t\t\t<div class=\"elementor-container elementor-column-gap-default\">\n\t\t\t\t\t<div class=\"elementor-column elementor-col-50 elementor-top-column elementor-element elementor-element-a276bf9\" data-id=\"a276bf9\" data-element_type=\"column\" data-settings=\"{&quot;background_background&quot;:&quot;classic&quot;}\">\n\t\t\t<div class=\"elementor-widget-wrap elementor-element-populated\">\n\t\t\t\t\t\t<div class=\"elementor-element elementor-element-9b87a52 elementor-view-default elementor-widget elementor-widget-icon\" data-id=\"9b87a52\" data-element_type=\"widget\" data-widget_type=\"icon.default\">\n\t\t\t\t<div class=\"elementor-widget-container\">\n\t\t\t\t\t<div class=\"elementor-icon-wrapper\">\n\t\t\t<div class=\"elementor-icon\">\n\t\t\t<i aria-hidden=\"true\" class=\"far fa-calendar-alt\"><\/i>\t\t\t<\/div>\n\t\t<\/div>\n\t\t\t\t<\/div>\n\t\t\t\t<\/div>\n\t\t\t\t\t<\/div>\n\t\t<\/div>\n\t\t\t\t<div class=\"elementor-column elementor-col-50 elementor-top-column elementor-element elementor-element-225982a\" data-id=\"225982a\" data-element_type=\"column\" data-settings=\"{&quot;background_background&quot;:&quot;classic&quot;}\">\n\t\t\t<div class=\"elementor-widget-wrap elementor-element-populated\">\n\t\t\t\t\t\t<div class=\"elementor-element elementor-element-190fa72 elementor-widget elementor-widget-spacer\" data-id=\"190fa72\" data-element_type=\"widget\" data-widget_type=\"spacer.default\">\n\t\t\t\t<div class=\"elementor-widget-container\">\n\t\t\t\t\t<div class=\"elementor-spacer\">\n\t\t\t<div class=\"elementor-spacer-inner\"><\/div>\n\t\t<\/div>\n\t\t\t\t<\/div>\n\t\t\t\t<\/div>\n\t\t\t\t<div class=\"elementor-element elementor-element-dfbceaf elementor-widget elementor-widget-heading\" data-id=\"dfbceaf\" data-element_type=\"widget\" data-widget_type=\"heading.default\">\n\t\t\t\t<div class=\"elementor-widget-container\">\n\t\t\t<h2 class=\"elementor-heading-title elementor-size-default\">Les grandes \u00e9tapes :<\/h2>\t\t<\/div>\n\t\t\t\t<\/div>\n\t\t\t\t<div class=\"elementor-element elementor-element-26dfe1f elementor-widget elementor-widget-image\" data-id=\"26dfe1f\" data-element_type=\"widget\" data-widget_type=\"image.default\">\n\t\t\t\t<div class=\"elementor-widget-container\">\n\t\t\t\t\t\t\t\t\t\t\t\t\t<img decoding=\"async\" width=\"800\" height=\"30\" src=\"https:\/\/leognan.fr\/budgetparticipatif\/wp-content\/uploads\/2021\/09\/etapes.png\" class=\"attachment-large size-large wp-image-220\" alt=\"\" srcset=\"https:\/\/leognan.fr\/budgetparticipatif\/wp-content\/uploads\/2021\/09\/etapes.png 800w, https:\/\/leognan.fr\/budgetparticipatif\/wp-content\/uploads\/2021\/09\/etapes-300x11.png 300w, https:\/\/leognan.fr\/budgetparticipatif\/wp-content\/uploads\/2021\/09\/etapes-768x29.png 768w\" sizes=\"(max-width: 800px) 100vw, 800px\" \/>\t\t\t\t\t\t\t\t\t\t\t\t\t<\/div>\n\t\t\t\t<\/div>\n\t\t\t\t<div class=\"elementor-element elementor-element-0563bbe elementor-widget elementor-widget-heading\" data-id=\"0563bbe\" data-element_type=\"widget\" data-widget_type=\"heading.default\">\n\t\t\t\t<div class=\"elementor-widget-container\">\n\t\t\t<h3 class=\"elementor-heading-title elementor-size-default\">Etape 1 : <\/h3>\t\t<\/div>\n\t\t\t\t<\/div>\n\t\t\t\t<div class=\"elementor-element elementor-element-4d5b3c0 elementor-widget elementor-widget-text-editor\" data-id=\"4d5b3c0\" data-element_type=\"widget\" data-widget_type=\"text-editor.default\">\n\t\t\t\t<div class=\"elementor-widget-container\">\n\t\t\t\t\t\t\t<p>Du 1<sup>er<\/sup> mai au 31 juillet d\u00e9p\u00f4t des projets sur <a href=\"mailto:jeparticipe@mairie-leognan.fr\"><span style=\"color: #0172ba;\">jeparticipe@mairie-leognan.fr<\/span><\/a>, ou \u00e0 l\u2019accueil de la mairie. Les projets seront visibles sur la plateforme.<\/p><p>Pour d\u00e9poser votre projet, merci de mentionner :<\/p><p>\u2022 Nom et pr\u00e9nom (ou pseudo)<\/p><p>\u2022 Mail et \/ ou num\u00e9ro de t\u00e9l\u00e9phone<\/p><p>\u2022 Adresse (justifiant de la domiciliation \u00e0 L\u00e9ognan)<\/p><p>\u2022 Nom, description et localisation du projet<\/p><p>\u2022 Estimation du budget n\u00e9cessaire \u00e0 la r\u00e9alisation du projet<\/p>\t\t\t\t\t\t<\/div>\n\t\t\t\t<\/div>\n\t\t\t\t<div class=\"elementor-element elementor-element-bef1a89 elementor-widget elementor-widget-heading\" data-id=\"bef1a89\" data-element_type=\"widget\" data-widget_type=\"heading.default\">\n\t\t\t\t<div class=\"elementor-widget-container\">\n\t\t\t<h3 class=\"elementor-heading-title elementor-size-default\">Etape 2 :<\/h3>\t\t<\/div>\n\t\t\t\t<\/div>\n\t\t\t\t<div class=\"elementor-element elementor-element-685b794 elementor-widget elementor-widget-text-editor\" data-id=\"685b794\" data-element_type=\"widget\" data-widget_type=\"text-editor.default\">\n\t\t\t\t<div class=\"elementor-widget-container\">\n\t\t\t\t\t\t\t<p>Du 1<sup>er<\/sup>\u00a0septembre au 31 octobre 2024 : \u00e9tude de faisabilit\u00e9 technique et financi\u00e8re<\/p>\t\t\t\t\t\t<\/div>\n\t\t\t\t<\/div>\n\t\t\t\t<div class=\"elementor-element elementor-element-863024b elementor-widget elementor-widget-heading\" data-id=\"863024b\" data-element_type=\"widget\" data-widget_type=\"heading.default\">\n\t\t\t\t<div class=\"elementor-widget-container\">\n\t\t\t<h3 class=\"elementor-heading-title elementor-size-default\">Etape 3 :<\/h3>\t\t<\/div>\n\t\t\t\t<\/div>\n\t\t\t\t<div class=\"elementor-element elementor-element-64152e9 elementor-widget elementor-widget-text-editor\" data-id=\"64152e9\" data-element_type=\"widget\" data-widget_type=\"text-editor.default\">\n\t\t\t\t<div class=\"elementor-widget-container\">\n\t\t\t\t\t\t\t<p>Du 1<sup>er<\/sup> novembre au 31 d\u00e9cembre 2024 : vote pour les projets et choix des projets retenus.<br \/>Rendez-vous sur la page des votes <a href=\"https:\/\/leognan.fr\/budgetparticipatif\/votes\/\">ici<\/a><\/p>\t\t\t\t\t\t<\/div>\n\t\t\t\t<\/div>\n\t\t\t\t<div class=\"elementor-element elementor-element-e2e9ee9 elementor-widget elementor-widget-spacer\" data-id=\"e2e9ee9\" data-element_type=\"widget\" data-widget_type=\"spacer.default\">\n\t\t\t\t<div class=\"elementor-widget-container\">\n\t\t\t\t\t<div class=\"elementor-spacer\">\n\t\t\t<div class=\"elementor-spacer-inner\"><\/div>\n\t\t<\/div>\n\t\t\t\t<\/div>\n\t\t\t\t<\/div>\n\t\t\t\t\t<\/div>\n\t\t<\/div>\n\t\t\t\t\t<\/div>\n\t\t<\/section>\n\t\t\t\t<section class=\"elementor-section elementor-top-section elementor-element elementor-element-e4ae87f elementor-section-boxed elementor-section-height-default elementor-section-height-default\" data-id=\"e4ae87f\" data-element_type=\"section\">\n\t\t\t\t\t\t<div class=\"elementor-container elementor-column-gap-default\">\n\t\t\t\t\t<div class=\"elementor-column elementor-col-100 elementor-top-column elementor-element elementor-element-9438d37\" data-id=\"9438d37\" data-element_type=\"column\">\n\t\t\t<div class=\"elementor-widget-wrap elementor-element-populated\">\n\t\t\t\t\t\t<div class=\"elementor-element elementor-element-b89bc90 elementor-widget elementor-widget-spacer\" data-id=\"b89bc90\" data-element_type=\"widget\" data-widget_type=\"spacer.default\">\n\t\t\t\t<div class=\"elementor-widget-container\">\n\t\t\t\t\t<div class=\"elementor-spacer\">\n\t\t\t<div class=\"elementor-spacer-inner\"><\/div>\n\t\t<\/div>\n\t\t\t\t<\/div>\n\t\t\t\t<\/div>\n\t\t\t\t\t<\/div>\n\t\t<\/div>\n\t\t\t\t\t<\/div>\n\t\t<\/section>\n\t\t\t\t<\/div>\n\t\t","protected":false},"excerpt":{"rendered":"<p>Budget ParticipatifConstruire notre ville ensemble Le budget participatif de L\u00e9ognan Le Budget participatif permet de vous solliciter concr\u00e8tement. Vous avez une id\u00e9e, un projet qui vous tient \u00e0 c\u0153ur\u00a0? Lancez-vous\u00a0! Apr\u00e8s validation il sera soumis aux votes des L\u00e9ognanaises et des L\u00e9ognanais par le biais de cette plateforme. Une fois les projets laur\u00e9ats choisis, vous [&hellip;]<\/p>\n","protected":false},"author":1,"featured_media":0,"parent":0,"menu_order":0,"comment_status":"closed","ping_status":"closed","template":"","meta":{"_acf_changed":false,"footnotes":""},"categories":[],"tags":[],"class_list":["post-57","page","type-page","status-publish","hentry"],"acf":[],"_links":{"self":[{"href":"https:\/\/leognan.fr\/budgetparticipatif\/wp-json\/wp\/v2\/pages\/57","targetHints":{"allow":["GET"]}}],"collection":[{"href":"https:\/\/leognan.fr\/budgetparticipatif\/wp-json\/wp\/v2\/pages"}],"about":[{"href":"https:\/\/leognan.fr\/budgetparticipatif\/wp-json\/wp\/v2\/types\/page"}],"author":[{"embeddable":true,"href":"https:\/\/leognan.fr\/budgetparticipatif\/wp-json\/wp\/v2\/users\/1"}],"replies":[{"embeddable":true,"href":"https:\/\/leognan.fr\/budgetparticipatif\/wp-json\/wp\/v2\/comments?post=57"}],"version-history":[{"count":94,"href":"https:\/\/leognan.fr\/budgetparticipatif\/wp-json\/wp\/v2\/pages\/57\/revisions"}],"predecessor-version":[{"id":931,"href":"https:\/\/leognan.fr\/budgetparticipatif\/wp-json\/wp\/v2\/pages\/57\/revisions\/931"}],"wp:attachment":[{"href":"https:\/\/leognan.fr\/budgetparticipatif\/wp-json\/wp\/v2\/media?parent=57"}],"wp:term":[{"taxonomy":"category","embeddable":true,"href":"https:\/\/leognan.fr\/budgetparticipatif\/wp-json\/wp\/v2\/categories?post=57"},{"taxonomy":"post_tag","embeddable":true,"href":"https:\/\/leognan.fr\/budgetparticipatif\/wp-json\/wp\/v2\/tags?post=57"}],"curies":[{"name":"wp","href":"https:\/\/api.w.org\/{rel}","templated":true}]}}